{"id":25707,"date":"2025-12-22T15:10:43","date_gmt":"2025-12-22T14:10:43","guid":{"rendered":"https:\/\/ecoridemoto.com\/?post_type=product&#038;p=25707"},"modified":"2025-12-22T16:23:24","modified_gmt":"2025-12-22T15:23:24","slug":"trottinette-electrique-segway-zing-c8","status":"publish","type":"product","link":"https:\/\/ecoridemoto.com\/index.php\/produit\/trottinette-electrique-segway-zing-c8\/","title":{"rendered":"Trottinette \u00e9lectrique Segway Zing C8"},"content":{"rendered":"<h2 data-path-to-node=\"2\">Fiche Technique : Trottinette Ninebot by Segway Zing C8<\/h2>\n<ul data-path-to-node=\"3\">\n<li>\n<p data-path-to-node=\"3,0,0\"><b>Puissance Nominale :<\/b> 120 W<\/p>\n<\/li>\n<li>\n<p data-path-to-node=\"3,1,0\"><b>Vitesse Maximale :<\/b> 16 km\/h Max<\/p>\n<\/li>\n<li>\n<p data-path-to-node=\"3,2,0\"><b>Autonomie Maximale :<\/b> 10 Km Max<\/p>\n<\/li>\n<li>\n<p data-path-to-node=\"3,3,0\"><b>Batterie :<\/b> Lithium 21,6V 2,5Ah<\/p>\n<\/li>\n<li>\n<p data-path-to-node=\"3,4,0\"><b>Temps de Charge :<\/b> 3 Heures (3H)<\/p>\n<\/li>\n<li>\n<p data-path-to-node=\"3,5,0\"><b>Poids de l&#8217;appareil :<\/b> 9 kg<\/p>\n<\/li>\n<li>\n<p data-path-to-node=\"3,6,0\"><b>Charge Maximale Support\u00e9e :<\/b> 50 kg<\/p>\n<\/li>\n<li>\n<p data-path-to-node=\"3,7,0\"><b>Pneus :<\/b> Pneus pleins 6 pouces<\/p>\n<\/li>\n<li>\n<p data-path-to-node=\"3,8,0\"><b>Amortissement :<\/b> Non<\/p>\n<\/li>\n<li>\n<p data-path-to-node=\"3,9,0\"><b>Dimensions (L x l x H) :<\/b> 800 x 350 x 900 mm<\/p>\n<\/li>\n<li>\n<p data-path-to-node=\"3,10,0\"><b>Norme d&#8217;\u00c9tanch\u00e9it\u00e9 :<\/b> IPX4 (r\u00e9sistant aux \u00e9claboussures d&#8217;eau)<\/p>\n<\/li>\n<li>\n<p data-path-to-node=\"3,11,0\"><b>Syst\u00e8me de Freinage :<\/b> Frein arri\u00e8re \u00e0 commande manuelle<\/p>\n<\/li>\n<li>\n<p data-path-to-node=\"3,12,0\"><b>Lumi\u00e8res d&#8217;ambiance :<\/b> Non<\/p>\n<\/li>\n<li>\n<p data-path-to-node=\"3,13,0\"><b>\u00c2ge Recommand\u00e9 :<\/b> 6-12 ans<\/p>\n<\/li>\n<\/ul>\n","protected":false},"excerpt":{"rendered":"<p>Fiche Technique : Trottinette Ninebot by Segway Zing C8 Puissance Nominale : 120 W Vitesse Maximale : 16 km\/h Max<\/p>\n","protected":false},"featured_media":25776,"comment_status":"closed","ping_status":"closed","template":"","meta":{"order-bump-settings":[],"_wpfnl_thankyou_order_overview":"on","_wpfnl_thankyou_order_details":"on","_wpfnl_thankyou_billing_details":"on","_wpfnl_thankyou_shipping_details":"on"},"product_cat":[302,299,276,292],"product_tag":[],"class_list":{"0":"post-25707","1":"product","2":"type-product","3":"status-publish","4":"has-post-thumbnail","6":"product_cat-enfants","7":"product_cat-nouveau","8":"product_cat-nouveautes","9":"product_cat-trottinettes-electriques","11":"first","12":"instock","13":"sale","14":"shipping-taxable","15":"purchasable","16":"product-type-simple"},"yoast_head":"<!-- This site is optimized with the Yoast SEO plugin v23.0 - https:\/\/yoast.com\/wordpress\/plugins\/seo\/ -->\n<title>Trottinette \u00e9lectrique Segway Zing C8 - EcoRideMoto<\/title>\n<meta name=\"robots\" content=\"index, follow, max-snippet:-1, max-image-preview:large, max-video-preview:-1\" \/>\n<link rel=\"canonical\" href=\"https:\/\/ecoridemoto.com\/index.php\/produit\/trottinette-electrique-segway-zing-c8\/\" \/>\n<meta property=\"og:locale\" content=\"fr_FR\" \/>\n<meta property=\"og:type\" content=\"article\" \/>\n<meta property=\"og:title\" content=\"Trottinette \u00e9lectrique Segway Zing C8 - EcoRideMoto\" \/>\n<meta property=\"og:description\" content=\"Fiche Technique : Trottinette Ninebot by Segway Zing C8 Puissance Nominale : 120 W Vitesse Maximale : 16 km\/h Max\" \/>\n<meta property=\"og:url\" content=\"https:\/\/ecoridemoto.com\/index.php\/produit\/trottinette-electrique-segway-zing-c8\/\" \/>\n<meta property=\"og:site_name\" content=\"EcoRideMoto\" \/>\n<meta property=\"article:publisher\" content=\"https:\/\/www.facebook.com\/Ecoridemoto\" \/>\n<meta property=\"article:modified_time\" content=\"2025-12-22T15:23:24+00:00\" \/>\n<meta property=\"og:image\" content=\"https:\/\/ecoridemoto.com\/wp-content\/uploads\/2025\/12\/banner-produit-Arabe-50.png\" \/>\n\t<meta property=\"og:image:width\" content=\"2500\" \/>\n\t<meta property=\"og:image:height\" content=\"2500\" \/>\n\t<meta property=\"og:image:type\" content=\"image\/png\" \/>\n<meta name=\"twitter:card\" content=\"summary_large_image\" \/>\n<meta name=\"twitter:label1\" content=\"Dur\u00e9e de lecture estim\u00e9e\" \/>\n\t<meta name=\"twitter:data1\" content=\"1 minute\" \/>\n<script type=\"application\/ld+json\" class=\"yoast-schema-graph\">{\"@context\":\"https:\/\/schema.org\",\"@graph\":[{\"@type\":\"WebPage\",\"@id\":\"https:\/\/ecoridemoto.com\/index.php\/produit\/trottinette-electrique-segway-zing-c8\/\",\"url\":\"https:\/\/ecoridemoto.com\/index.php\/produit\/trottinette-electrique-segway-zing-c8\/\",\"name\":\"Trottinette \u00e9lectrique Segway Zing C8 - EcoRideMoto\",\"isPartOf\":{\"@id\":\"https:\/\/ecoridemoto.com\/#website\"},\"primaryImageOfPage\":{\"@id\":\"https:\/\/ecoridemoto.com\/index.php\/produit\/trottinette-electrique-segway-zing-c8\/#primaryimage\"},\"image\":{\"@id\":\"https:\/\/ecoridemoto.com\/index.php\/produit\/trottinette-electrique-segway-zing-c8\/#primaryimage\"},\"thumbnailUrl\":\"https:\/\/ecoridemoto.com\/wp-content\/uploads\/2025\/12\/banner-produit-Arabe-50.png\",\"datePublished\":\"2025-12-22T14:10:43+00:00\",\"dateModified\":\"2025-12-22T15:23:24+00:00\",\"breadcrumb\":{\"@id\":\"https:\/\/ecoridemoto.com\/index.php\/produit\/trottinette-electrique-segway-zing-c8\/#breadcrumb\"},\"inLanguage\":\"fr-FR\",\"potentialAction\":[{\"@type\":\"ReadAction\",\"target\":[\"https:\/\/ecoridemoto.com\/index.php\/produit\/trottinette-electrique-segway-zing-c8\/\"]}]},{\"@type\":\"ImageObject\",\"inLanguage\":\"fr-FR\",\"@id\":\"https:\/\/ecoridemoto.com\/index.php\/produit\/trottinette-electrique-segway-zing-c8\/#primaryimage\",\"url\":\"https:\/\/ecoridemoto.com\/wp-content\/uploads\/2025\/12\/banner-produit-Arabe-50.png\",\"contentUrl\":\"https:\/\/ecoridemoto.com\/wp-content\/uploads\/2025\/12\/banner-produit-Arabe-50.png\",\"width\":2500,\"height\":2500},{\"@type\":\"BreadcrumbList\",\"@id\":\"https:\/\/ecoridemoto.com\/index.php\/produit\/trottinette-electrique-segway-zing-c8\/#breadcrumb\",\"itemListElement\":[{\"@type\":\"ListItem\",\"position\":1,\"name\":\"Home\",\"item\":\"https:\/\/ecoridemoto.com\/\"},{\"@type\":\"ListItem\",\"position\":2,\"name\":\"Shop\",\"item\":\"https:\/\/ecoridemoto.com\/index.php\/shop\/\"},{\"@type\":\"ListItem\",\"position\":3,\"name\":\"Trottinette \u00e9lectrique Segway Zing C8\"}]},{\"@type\":\"WebSite\",\"@id\":\"https:\/\/ecoridemoto.com\/#website\",\"url\":\"https:\/\/ecoridemoto.com\/\",\"name\":\"EcoRideMoto\",\"description\":\"\",\"publisher\":{\"@id\":\"https:\/\/ecoridemoto.com\/#organization\"},\"potentialAction\":[{\"@type\":\"SearchAction\",\"target\":{\"@type\":\"EntryPoint\",\"urlTemplate\":\"https:\/\/ecoridemoto.com\/?s={search_term_string}\"},\"query-input\":\"required name=search_term_string\"}],\"inLanguage\":\"fr-FR\"},{\"@type\":\"Organization\",\"@id\":\"https:\/\/ecoridemoto.com\/#organization\",\"name\":\"EcoRideMoto\",\"url\":\"https:\/\/ecoridemoto.com\/\",\"logo\":{\"@type\":\"ImageObject\",\"inLanguage\":\"fr-FR\",\"@id\":\"https:\/\/ecoridemoto.com\/#\/schema\/logo\/image\/\",\"url\":\"https:\/\/ecoridemoto.com\/wp-content\/uploads\/2024\/07\/1.png\",\"contentUrl\":\"https:\/\/ecoridemoto.com\/wp-content\/uploads\/2024\/07\/1.png\",\"width\":1080,\"height\":291,\"caption\":\"EcoRideMoto\"},\"image\":{\"@id\":\"https:\/\/ecoridemoto.com\/#\/schema\/logo\/image\/\"},\"sameAs\":[\"https:\/\/www.facebook.com\/Ecoridemoto\",\"https:\/\/www.instagram.com\/ecoridemoto\/\"]}]}<\/script>\n<!-- \/ Yoast SEO plugin. -->","yoast_head_json":{"title":"Trottinette \u00e9lectrique Segway Zing C8 - EcoRideMoto","robots":{"index":"index","follow":"follow","max-snippet":"max-snippet:-1","max-image-preview":"max-image-preview:large","max-video-preview":"max-video-preview:-1"},"canonical":"https:\/\/ecoridemoto.com\/index.php\/produit\/trottinette-electrique-segway-zing-c8\/","og_locale":"fr_FR","og_type":"article","og_title":"Trottinette \u00e9lectrique Segway Zing C8 - EcoRideMoto","og_description":"Fiche Technique : Trottinette Ninebot by Segway Zing C8 Puissance Nominale : 120 W Vitesse Maximale : 16 km\/h Max","og_url":"https:\/\/ecoridemoto.com\/index.php\/produit\/trottinette-electrique-segway-zing-c8\/","og_site_name":"EcoRideMoto","article_publisher":"https:\/\/www.facebook.com\/Ecoridemoto","article_modified_time":"2025-12-22T15:23:24+00:00","og_image":[{"width":2500,"height":2500,"url":"https:\/\/ecoridemoto.com\/wp-content\/uploads\/2025\/12\/banner-produit-Arabe-50.png","type":"image\/png"}],"twitter_card":"summary_large_image","twitter_misc":{"Dur\u00e9e de lecture estim\u00e9e":"1 minute"},"schema":{"@context":"https:\/\/schema.org","@graph":[{"@type":"WebPage","@id":"https:\/\/ecoridemoto.com\/index.php\/produit\/trottinette-electrique-segway-zing-c8\/","url":"https:\/\/ecoridemoto.com\/index.php\/produit\/trottinette-electrique-segway-zing-c8\/","name":"Trottinette \u00e9lectrique Segway Zing C8 - EcoRideMoto","isPartOf":{"@id":"https:\/\/ecoridemoto.com\/#website"},"primaryImageOfPage":{"@id":"https:\/\/ecoridemoto.com\/index.php\/produit\/trottinette-electrique-segway-zing-c8\/#primaryimage"},"image":{"@id":"https:\/\/ecoridemoto.com\/index.php\/produit\/trottinette-electrique-segway-zing-c8\/#primaryimage"},"thumbnailUrl":"https:\/\/ecoridemoto.com\/wp-content\/uploads\/2025\/12\/banner-produit-Arabe-50.png","datePublished":"2025-12-22T14:10:43+00:00","dateModified":"2025-12-22T15:23:24+00:00","breadcrumb":{"@id":"https:\/\/ecoridemoto.com\/index.php\/produit\/trottinette-electrique-segway-zing-c8\/#breadcrumb"},"inLanguage":"fr-FR","potentialAction":[{"@type":"ReadAction","target":["https:\/\/ecoridemoto.com\/index.php\/produit\/trottinette-electrique-segway-zing-c8\/"]}]},{"@type":"ImageObject","inLanguage":"fr-FR","@id":"https:\/\/ecoridemoto.com\/index.php\/produit\/trottinette-electrique-segway-zing-c8\/#primaryimage","url":"https:\/\/ecoridemoto.com\/wp-content\/uploads\/2025\/12\/banner-produit-Arabe-50.png","contentUrl":"https:\/\/ecoridemoto.com\/wp-content\/uploads\/2025\/12\/banner-produit-Arabe-50.png","width":2500,"height":2500},{"@type":"BreadcrumbList","@id":"https:\/\/ecoridemoto.com\/index.php\/produit\/trottinette-electrique-segway-zing-c8\/#breadcrumb","itemListElement":[{"@type":"ListItem","position":1,"name":"Home","item":"https:\/\/ecoridemoto.com\/"},{"@type":"ListItem","position":2,"name":"Shop","item":"https:\/\/ecoridemoto.com\/index.php\/shop\/"},{"@type":"ListItem","position":3,"name":"Trottinette \u00e9lectrique Segway Zing C8"}]},{"@type":"WebSite","@id":"https:\/\/ecoridemoto.com\/#website","url":"https:\/\/ecoridemoto.com\/","name":"EcoRideMoto","description":"","publisher":{"@id":"https:\/\/ecoridemoto.com\/#organization"},"potentialAction":[{"@type":"SearchAction","target":{"@type":"EntryPoint","urlTemplate":"https:\/\/ecoridemoto.com\/?s={search_term_string}"},"query-input":"required name=search_term_string"}],"inLanguage":"fr-FR"},{"@type":"Organization","@id":"https:\/\/ecoridemoto.com\/#organization","name":"EcoRideMoto","url":"https:\/\/ecoridemoto.com\/","logo":{"@type":"ImageObject","inLanguage":"fr-FR","@id":"https:\/\/ecoridemoto.com\/#\/schema\/logo\/image\/","url":"https:\/\/ecoridemoto.com\/wp-content\/uploads\/2024\/07\/1.png","contentUrl":"https:\/\/ecoridemoto.com\/wp-content\/uploads\/2024\/07\/1.png","width":1080,"height":291,"caption":"EcoRideMoto"},"image":{"@id":"https:\/\/ecoridemoto.com\/#\/schema\/logo\/image\/"},"sameAs":["https:\/\/www.facebook.com\/Ecoridemoto","https:\/\/www.instagram.com\/ecoridemoto\/"]}]}},"_links":{"self":[{"href":"https:\/\/ecoridemoto.com\/index.php\/wp-json\/wp\/v2\/product\/25707","targetHints":{"allow":["GET"]}}],"collection":[{"href":"https:\/\/ecoridemoto.com\/index.php\/wp-json\/wp\/v2\/product"}],"about":[{"href":"https:\/\/ecoridemoto.com\/index.php\/wp-json\/wp\/v2\/types\/product"}],"replies":[{"embeddable":true,"href":"https:\/\/ecoridemoto.com\/index.php\/wp-json\/wp\/v2\/comments?post=25707"}],"version-history":[{"count":1,"href":"https:\/\/ecoridemoto.com\/index.php\/wp-json\/wp\/v2\/product\/25707\/revisions"}],"predecessor-version":[{"id":25737,"href":"https:\/\/ecoridemoto.com\/index.php\/wp-json\/wp\/v2\/product\/25707\/revisions\/25737"}],"wp:featuredmedia":[{"embeddable":true,"href":"https:\/\/ecoridemoto.com\/index.php\/wp-json\/wp\/v2\/media\/25776"}],"wp:attachment":[{"href":"https:\/\/ecoridemoto.com\/index.php\/wp-json\/wp\/v2\/media?parent=25707"}],"wp:term":[{"taxonomy":"product_cat","embeddable":true,"href":"https:\/\/ecoridemoto.com\/index.php\/wp-json\/wp\/v2\/product_cat?post=25707"},{"taxonomy":"product_tag","embeddable":true,"href":"https:\/\/ecoridemoto.com\/index.php\/wp-json\/wp\/v2\/product_tag?post=25707"}],"curies":[{"name":"wp","href":"https:\/\/api.w.org\/{rel}","templated":true}]}}