{"id":25888,"date":"2026-04-14T11:39:25","date_gmt":"2026-04-14T09:39:25","guid":{"rendered":"https:\/\/ecoridemoto.com\/?post_type=product&#038;p=25888"},"modified":"2026-04-14T11:51:54","modified_gmt":"2026-04-14T09:51:54","slug":"velo-electrique-q3","status":"publish","type":"product","link":"https:\/\/ecoridemoto.com\/index.php\/produit\/velo-electrique-q3\/","title":{"rendered":"V\u00e9lo \u00e9lectrique Q3"},"content":{"rendered":"<h3 class=\"page_heading\">Fiche technique<\/h3>\n<dl class=\"data-sheet flex_container\">\n<dt class=\"name\">\n<table class=\"c-pdt__table data-sheet\">\n<tbody>\n<tr class=\"c-pdt__table-row\">\n<th class=\"name\" style=\"text-align: left;\">MOTEUR<\/th>\n<td class=\"value\" style=\"text-align: left;\">750W<\/td>\n<\/tr>\n<tr class=\"c-pdt__table-row\">\n<th class=\"name\" style=\"text-align: left;\">MODE<\/th>\n<td class=\"value\" style=\"text-align: left;\">V\u00e9lo \/ Assistance au p\u00e9dalage Hall \/ \u00c9lectrique<\/td>\n<\/tr>\n<tr class=\"c-pdt__table-row\">\n<th class=\"name\" style=\"text-align: left;\">AUTONOMIE<\/th>\n<td class=\"value\">longue dur\u00e9e<\/td>\n<\/tr>\n<tr class=\"c-pdt__table-row\">\n<th class=\"name\" style=\"text-align: left;\">BATTERIE<\/th>\n<td class=\"value\">Lithium 48V 13ah<\/td>\n<\/tr>\n<tr class=\"c-pdt__table-row\">\n<th class=\"name\" style=\"text-align: left;\">PUISSANCE CHARGEUR<\/th>\n<td class=\"value\">2A<\/td>\n<\/tr>\n<tr class=\"c-pdt__table-row\">\n<th class=\"name\" style=\"text-align: left;\">MANETTE DE VITESSE<\/th>\n<td class=\"value\">Syst\u00e8me de transmission m\u00e9canique \u00e0 7 vitesses<\/td>\n<\/tr>\n<tr class=\"c-pdt__table-row\">\n<th class=\"name\" style=\"text-align: left;\">VITESSE MAX<\/th>\n<td class=\"value\">45 km\/h<\/td>\n<\/tr>\n<tr class=\"c-pdt__table-row\">\n<th class=\"name\">POIDS MAXIMUM AUTORIS\u00c9 EN KG<\/th>\n<td class=\"value\">120<\/td>\n<\/tr>\n<tr class=\"c-pdt__table-row\">\n<th class=\"name\">DIAM\u00c8TRE DE LA ROUE EN POUCES<\/th>\n<td class=\"value\">Pneus Fat 20 pouces x 4,0<\/td>\n<\/tr>\n<tr class=\"c-pdt__table-row\">\n<th class=\"name\" style=\"text-align: left;\">TEMPS DE CHARGE EN HEURE<\/th>\n<td class=\"value\">5-6 heures<\/td>\n<\/tr>\n<tr class=\"c-pdt__table-row\">\n<th class=\"name\" style=\"text-align: left;\">FREINS<\/th>\n<td class=\"value\">Frein \u00e0 double disque avant et arri\u00e8re<\/td>\n<\/tr>\n<tr class=\"c-pdt__table-row\">\n<th class=\"name\" style=\"text-align: left;\">CADRE<\/th>\n<td class=\"value\">Alliage d\u2019aluminium<\/td>\n<\/tr>\n<tr class=\"c-pdt__table-row\">\n<th class=\"name\" style=\"text-align: left;\">SIEGE<\/th>\n<td class=\"value\" style=\"text-align: left;\">Poteau pliable \/ Si\u00e8ge r\u00e9glable<\/td>\n<\/tr>\n<\/tbody>\n<\/table>\n<\/dt>\n<\/dl>\n","protected":false},"excerpt":{"rendered":"<p>Fiche technique MOTEUR 750W MODE V\u00e9lo \/ Assistance au p\u00e9dalage Hall \/ \u00c9lectrique AUTONOMIE longue dur\u00e9e BATTERIE Lithium 48V 13ah<\/p>\n","protected":false},"featured_media":25889,"comment_status":"open","ping_status":"closed","template":"","meta":{"order-bump-settings":[],"_wpfnl_thankyou_order_overview":"on","_wpfnl_thankyou_order_details":"on","_wpfnl_thankyou_billing_details":"on","_wpfnl_thankyou_shipping_details":"on"},"product_cat":[272,273],"product_tag":[],"class_list":{"0":"post-25888","1":"product","2":"type-product","3":"status-publish","4":"has-post-thumbnail","6":"product_cat-velo-electrique","7":"product_cat-velos-electriques","9":"first","10":"instock","11":"sale","12":"shipping-taxable","13":"purchasable","14":"product-type-simple"},"yoast_head":"<!-- This site is optimized with the Yoast SEO plugin v23.0 - https:\/\/yoast.com\/wordpress\/plugins\/seo\/ -->\n<title>V\u00e9lo \u00e9lectrique Q3 - EcoRideMoto<\/title>\n<meta name=\"robots\" content=\"index, follow, max-snippet:-1, max-image-preview:large, max-video-preview:-1\" \/>\n<link rel=\"canonical\" href=\"https:\/\/ecoridemoto.com\/index.php\/produit\/velo-electrique-q3\/\" \/>\n<meta property=\"og:locale\" content=\"fr_FR\" \/>\n<meta property=\"og:type\" content=\"article\" \/>\n<meta property=\"og:title\" content=\"V\u00e9lo \u00e9lectrique Q3 - EcoRideMoto\" \/>\n<meta property=\"og:description\" content=\"Fiche technique MOTEUR 750W MODE V\u00e9lo \/ Assistance au p\u00e9dalage Hall \/ \u00c9lectrique AUTONOMIE longue dur\u00e9e BATTERIE Lithium 48V 13ah\" \/>\n<meta property=\"og:url\" content=\"https:\/\/ecoridemoto.com\/index.php\/produit\/velo-electrique-q3\/\" \/>\n<meta property=\"og:site_name\" content=\"EcoRideMoto\" \/>\n<meta property=\"article:publisher\" content=\"https:\/\/www.facebook.com\/Ecoridemoto\" \/>\n<meta property=\"article:modified_time\" content=\"2026-04-14T09:51:54+00:00\" \/>\n<meta property=\"og:image\" content=\"https:\/\/ecoridemoto.com\/wp-content\/uploads\/2026\/04\/velo-electrique-Q3.jpg\" \/>\n\t<meta property=\"og:image:width\" content=\"750\" \/>\n\t<meta property=\"og:image:height\" content=\"750\" \/>\n\t<meta property=\"og:image:type\" content=\"image\/jpeg\" \/>\n<meta name=\"twitter:card\" content=\"summary_large_image\" \/>\n<meta name=\"twitter:label1\" content=\"Dur\u00e9e de lecture estim\u00e9e\" \/>\n\t<meta name=\"twitter:data1\" content=\"1 minute\" \/>\n<script type=\"application\/ld+json\" class=\"yoast-schema-graph\">{\"@context\":\"https:\/\/schema.org\",\"@graph\":[{\"@type\":\"WebPage\",\"@id\":\"https:\/\/ecoridemoto.com\/index.php\/produit\/velo-electrique-q3\/\",\"url\":\"https:\/\/ecoridemoto.com\/index.php\/produit\/velo-electrique-q3\/\",\"name\":\"V\u00e9lo \u00e9lectrique Q3 - EcoRideMoto\",\"isPartOf\":{\"@id\":\"https:\/\/ecoridemoto.com\/#website\"},\"primaryImageOfPage\":{\"@id\":\"https:\/\/ecoridemoto.com\/index.php\/produit\/velo-electrique-q3\/#primaryimage\"},\"image\":{\"@id\":\"https:\/\/ecoridemoto.com\/index.php\/produit\/velo-electrique-q3\/#primaryimage\"},\"thumbnailUrl\":\"https:\/\/ecoridemoto.com\/wp-content\/uploads\/2026\/04\/velo-electrique-Q3.jpg\",\"datePublished\":\"2026-04-14T09:39:25+00:00\",\"dateModified\":\"2026-04-14T09:51:54+00:00\",\"breadcrumb\":{\"@id\":\"https:\/\/ecoridemoto.com\/index.php\/produit\/velo-electrique-q3\/#breadcrumb\"},\"inLanguage\":\"fr-FR\",\"potentialAction\":[{\"@type\":\"ReadAction\",\"target\":[\"https:\/\/ecoridemoto.com\/index.php\/produit\/velo-electrique-q3\/\"]}]},{\"@type\":\"ImageObject\",\"inLanguage\":\"fr-FR\",\"@id\":\"https:\/\/ecoridemoto.com\/index.php\/produit\/velo-electrique-q3\/#primaryimage\",\"url\":\"https:\/\/ecoridemoto.com\/wp-content\/uploads\/2026\/04\/velo-electrique-Q3.jpg\",\"contentUrl\":\"https:\/\/ecoridemoto.com\/wp-content\/uploads\/2026\/04\/velo-electrique-Q3.jpg\",\"width\":750,\"height\":750},{\"@type\":\"BreadcrumbList\",\"@id\":\"https:\/\/ecoridemoto.com\/index.php\/produit\/velo-electrique-q3\/#breadcrumb\",\"itemListElement\":[{\"@type\":\"ListItem\",\"position\":1,\"name\":\"Home\",\"item\":\"https:\/\/ecoridemoto.com\/\"},{\"@type\":\"ListItem\",\"position\":2,\"name\":\"Shop\",\"item\":\"https:\/\/ecoridemoto.com\/index.php\/shop\/\"},{\"@type\":\"ListItem\",\"position\":3,\"name\":\"V\u00e9lo \u00e9lectrique Q3\"}]},{\"@type\":\"WebSite\",\"@id\":\"https:\/\/ecoridemoto.com\/#website\",\"url\":\"https:\/\/ecoridemoto.com\/\",\"name\":\"EcoRideMoto\",\"description\":\"\",\"publisher\":{\"@id\":\"https:\/\/ecoridemoto.com\/#organization\"},\"potentialAction\":[{\"@type\":\"SearchAction\",\"target\":{\"@type\":\"EntryPoint\",\"urlTemplate\":\"https:\/\/ecoridemoto.com\/?s={search_term_string}\"},\"query-input\":\"required name=search_term_string\"}],\"inLanguage\":\"fr-FR\"},{\"@type\":\"Organization\",\"@id\":\"https:\/\/ecoridemoto.com\/#organization\",\"name\":\"EcoRideMoto\",\"url\":\"https:\/\/ecoridemoto.com\/\",\"logo\":{\"@type\":\"ImageObject\",\"inLanguage\":\"fr-FR\",\"@id\":\"https:\/\/ecoridemoto.com\/#\/schema\/logo\/image\/\",\"url\":\"https:\/\/ecoridemoto.com\/wp-content\/uploads\/2024\/07\/1.png\",\"contentUrl\":\"https:\/\/ecoridemoto.com\/wp-content\/uploads\/2024\/07\/1.png\",\"width\":1080,\"height\":291,\"caption\":\"EcoRideMoto\"},\"image\":{\"@id\":\"https:\/\/ecoridemoto.com\/#\/schema\/logo\/image\/\"},\"sameAs\":[\"https:\/\/www.facebook.com\/Ecoridemoto\",\"https:\/\/www.instagram.com\/ecoridemoto\/\"]}]}<\/script>\n<!-- \/ Yoast SEO plugin. -->","yoast_head_json":{"title":"V\u00e9lo \u00e9lectrique Q3 - EcoRideMoto","robots":{"index":"index","follow":"follow","max-snippet":"max-snippet:-1","max-image-preview":"max-image-preview:large","max-video-preview":"max-video-preview:-1"},"canonical":"https:\/\/ecoridemoto.com\/index.php\/produit\/velo-electrique-q3\/","og_locale":"fr_FR","og_type":"article","og_title":"V\u00e9lo \u00e9lectrique Q3 - EcoRideMoto","og_description":"Fiche technique MOTEUR 750W MODE V\u00e9lo \/ Assistance au p\u00e9dalage Hall \/ \u00c9lectrique AUTONOMIE longue dur\u00e9e BATTERIE Lithium 48V 13ah","og_url":"https:\/\/ecoridemoto.com\/index.php\/produit\/velo-electrique-q3\/","og_site_name":"EcoRideMoto","article_publisher":"https:\/\/www.facebook.com\/Ecoridemoto","article_modified_time":"2026-04-14T09:51:54+00:00","og_image":[{"width":750,"height":750,"url":"https:\/\/ecoridemoto.com\/wp-content\/uploads\/2026\/04\/velo-electrique-Q3.jpg","type":"image\/jpeg"}],"twitter_card":"summary_large_image","twitter_misc":{"Dur\u00e9e de lecture estim\u00e9e":"1 minute"},"schema":{"@context":"https:\/\/schema.org","@graph":[{"@type":"WebPage","@id":"https:\/\/ecoridemoto.com\/index.php\/produit\/velo-electrique-q3\/","url":"https:\/\/ecoridemoto.com\/index.php\/produit\/velo-electrique-q3\/","name":"V\u00e9lo \u00e9lectrique Q3 - EcoRideMoto","isPartOf":{"@id":"https:\/\/ecoridemoto.com\/#website"},"primaryImageOfPage":{"@id":"https:\/\/ecoridemoto.com\/index.php\/produit\/velo-electrique-q3\/#primaryimage"},"image":{"@id":"https:\/\/ecoridemoto.com\/index.php\/produit\/velo-electrique-q3\/#primaryimage"},"thumbnailUrl":"https:\/\/ecoridemoto.com\/wp-content\/uploads\/2026\/04\/velo-electrique-Q3.jpg","datePublished":"2026-04-14T09:39:25+00:00","dateModified":"2026-04-14T09:51:54+00:00","breadcrumb":{"@id":"https:\/\/ecoridemoto.com\/index.php\/produit\/velo-electrique-q3\/#breadcrumb"},"inLanguage":"fr-FR","potentialAction":[{"@type":"ReadAction","target":["https:\/\/ecoridemoto.com\/index.php\/produit\/velo-electrique-q3\/"]}]},{"@type":"ImageObject","inLanguage":"fr-FR","@id":"https:\/\/ecoridemoto.com\/index.php\/produit\/velo-electrique-q3\/#primaryimage","url":"https:\/\/ecoridemoto.com\/wp-content\/uploads\/2026\/04\/velo-electrique-Q3.jpg","contentUrl":"https:\/\/ecoridemoto.com\/wp-content\/uploads\/2026\/04\/velo-electrique-Q3.jpg","width":750,"height":750},{"@type":"BreadcrumbList","@id":"https:\/\/ecoridemoto.com\/index.php\/produit\/velo-electrique-q3\/#breadcrumb","itemListElement":[{"@type":"ListItem","position":1,"name":"Home","item":"https:\/\/ecoridemoto.com\/"},{"@type":"ListItem","position":2,"name":"Shop","item":"https:\/\/ecoridemoto.com\/index.php\/shop\/"},{"@type":"ListItem","position":3,"name":"V\u00e9lo \u00e9lectrique Q3"}]},{"@type":"WebSite","@id":"https:\/\/ecoridemoto.com\/#website","url":"https:\/\/ecoridemoto.com\/","name":"EcoRideMoto","description":"","publisher":{"@id":"https:\/\/ecoridemoto.com\/#organization"},"potentialAction":[{"@type":"SearchAction","target":{"@type":"EntryPoint","urlTemplate":"https:\/\/ecoridemoto.com\/?s={search_term_string}"},"query-input":"required name=search_term_string"}],"inLanguage":"fr-FR"},{"@type":"Organization","@id":"https:\/\/ecoridemoto.com\/#organization","name":"EcoRideMoto","url":"https:\/\/ecoridemoto.com\/","logo":{"@type":"ImageObject","inLanguage":"fr-FR","@id":"https:\/\/ecoridemoto.com\/#\/schema\/logo\/image\/","url":"https:\/\/ecoridemoto.com\/wp-content\/uploads\/2024\/07\/1.png","contentUrl":"https:\/\/ecoridemoto.com\/wp-content\/uploads\/2024\/07\/1.png","width":1080,"height":291,"caption":"EcoRideMoto"},"image":{"@id":"https:\/\/ecoridemoto.com\/#\/schema\/logo\/image\/"},"sameAs":["https:\/\/www.facebook.com\/Ecoridemoto","https:\/\/www.instagram.com\/ecoridemoto\/"]}]}},"_links":{"self":[{"href":"https:\/\/ecoridemoto.com\/index.php\/wp-json\/wp\/v2\/product\/25888","targetHints":{"allow":["GET"]}}],"collection":[{"href":"https:\/\/ecoridemoto.com\/index.php\/wp-json\/wp\/v2\/product"}],"about":[{"href":"https:\/\/ecoridemoto.com\/index.php\/wp-json\/wp\/v2\/types\/product"}],"replies":[{"embeddable":true,"href":"https:\/\/ecoridemoto.com\/index.php\/wp-json\/wp\/v2\/comments?post=25888"}],"version-history":[{"count":1,"href":"https:\/\/ecoridemoto.com\/index.php\/wp-json\/wp\/v2\/product\/25888\/revisions"}],"predecessor-version":[{"id":25892,"href":"https:\/\/ecoridemoto.com\/index.php\/wp-json\/wp\/v2\/product\/25888\/revisions\/25892"}],"wp:featuredmedia":[{"embeddable":true,"href":"https:\/\/ecoridemoto.com\/index.php\/wp-json\/wp\/v2\/media\/25889"}],"wp:attachment":[{"href":"https:\/\/ecoridemoto.com\/index.php\/wp-json\/wp\/v2\/media?parent=25888"}],"wp:term":[{"taxonomy":"product_cat","embeddable":true,"href":"https:\/\/ecoridemoto.com\/index.php\/wp-json\/wp\/v2\/product_cat?post=25888"},{"taxonomy":"product_tag","embeddable":true,"href":"https:\/\/ecoridemoto.com\/index.php\/wp-json\/wp\/v2\/product_tag?post=25888"}],"curies":[{"name":"wp","href":"https:\/\/api.w.org\/{rel}","templated":true}]}}