{"id":25971,"date":"2026-05-11T11:09:15","date_gmt":"2026-05-11T09:09:15","guid":{"rendered":"https:\/\/ecoridemoto.com\/?post_type=product&#038;p=25971"},"modified":"2026-05-11T11:12:58","modified_gmt":"2026-05-11T09:12:58","slug":"trottinette-electrique-leqi-a5","status":"publish","type":"product","link":"https:\/\/ecoridemoto.com\/index.php\/produit\/trottinette-electrique-leqi-a5\/","title":{"rendered":"Trottinette \u00e9lectrique LEQI A5"},"content":{"rendered":"<dl class=\"data-sheet flex_container\">\n<dt class=\"name\">\n<dl class=\"data-sheet flex_container\">\n<dt class=\"name\">\n<dl class=\"data-sheet flex_container\">\n<dt class=\"name\">\n<h3 class=\"page_heading\">Fiche technique<\/h3>\n<dl class=\"data-sheet flex_container\">\n<dt class=\"name\">\n<dl class=\"data-sheet flex_container\">\n<dt class=\"name\">\n<dl class=\"data-sheet flex_container\">\n<dt class=\"name\">\n<dl class=\"data-sheet flex_container\">\n<dt class=\"name\">\n<dl class=\"data-sheet flex_container\">\n<dt class=\"name\">\n<h4 data-path-to-node=\"3\"><b data-path-to-node=\"3\" data-index-in-node=\"0\">Performances et Moteur<\/b><\/h4>\n<ul data-path-to-node=\"4\">\n<li>\n<p data-path-to-node=\"4,0,0\"><b data-path-to-node=\"4,0,0\" data-index-in-node=\"0\">Vitesse maximale :<\/b>\u00a025 km\/h<\/p>\n<\/li>\n<li>\n<p data-path-to-node=\"4,1,0\"><b data-path-to-node=\"4,1,0\" data-index-in-node=\"0\">Puissance moteur :<\/b>\u00a0350 W<\/p>\n<\/li>\n<li>\n<p data-path-to-node=\"4,2,0\"><b data-path-to-node=\"4,2,0\" data-index-in-node=\"0\">Autonomie maximale :<\/b>\u00a020 km \u00e0 25 km<\/p>\n<\/li>\n<\/ul>\n<h4><b data-path-to-node=\"5\" data-index-in-node=\"0\">Batterie et Alimentation<\/b><\/h4>\n<ul data-path-to-node=\"6\">\n<li>\n<p data-path-to-node=\"6,0,0\"><b data-path-to-node=\"6,0,0\" data-index-in-node=\"0\">Type de batterie :<\/b>\u00a0Lithium 36V 7,8Ah<\/p>\n<\/li>\n<li>\n<p data-path-to-node=\"6,1,0\"><b data-path-to-node=\"6,1,0\" data-index-in-node=\"0\">Temps de charge :<\/b>\u00a04 heures<\/p>\n<\/li>\n<\/ul>\n<h4 data-path-to-node=\"7\"><b data-path-to-node=\"7\" data-index-in-node=\"0\">Caract\u00e9ristiques Techniques<\/b><\/h4>\n<ul data-path-to-node=\"8\">\n<li>\n<p data-path-to-node=\"8,0,0\"><b data-path-to-node=\"8,0,0\" data-index-in-node=\"0\">Taille des pneus :<\/b>\u00a09 pouces<\/p>\n<\/li>\n<li>\n<p data-path-to-node=\"8,1,0\"><b data-path-to-node=\"8,1,0\" data-index-in-node=\"0\">Affichage (Display) :<\/b>\u00a0\u00c9cran LCD int\u00e9gr\u00e9<\/p>\n<\/li>\n<li>\n<p data-path-to-node=\"8,2,0\"><b data-path-to-node=\"8,2,0\" data-index-in-node=\"0\">Connectivit\u00e9 :<\/b>\u00a0Application mobile d\u00e9di\u00e9e (Oui)<\/p>\n<\/li>\n<\/ul>\n<\/dt>\n<\/dl>\n<\/dt>\n<\/dl>\n<\/dt>\n<\/dl>\n<\/dt>\n<\/dl>\n<\/dt>\n<\/dl>\n<dl class=\"data-sheet flex_container\"><\/dl>\n<\/dt>\n<\/dl>\n<\/dt>\n<\/dl>\n<\/dt>\n<\/dl>\n","protected":false},"excerpt":{"rendered":"<p>Fiche technique Performances et Moteur Vitesse maximale :\u00a025 km\/h Puissance moteur :\u00a0350 W Autonomie maximale :\u00a020 km \u00e0 25 km<\/p>\n","protected":false},"featured_media":25972,"comment_status":"open","ping_status":"closed","template":"","meta":{"order-bump-settings":[],"_wpfnl_thankyou_order_overview":"on","_wpfnl_thankyou_order_details":"on","_wpfnl_thankyou_billing_details":"on","_wpfnl_thankyou_shipping_details":"on"},"product_cat":[270],"product_tag":[],"class_list":{"0":"post-25971","1":"product","2":"type-product","3":"status-publish","4":"has-post-thumbnail","6":"product_cat-trottinette-electrique","8":"first","9":"instock","10":"sale","11":"shipping-taxable","12":"purchasable","13":"product-type-simple"},"yoast_head":"<!-- This site is optimized with the Yoast SEO plugin v23.0 - https:\/\/yoast.com\/wordpress\/plugins\/seo\/ -->\n<title>Trottinette \u00e9lectrique LEQI A5 - EcoRideMoto<\/title>\n<meta name=\"robots\" content=\"index, follow, max-snippet:-1, max-image-preview:large, max-video-preview:-1\" \/>\n<link rel=\"canonical\" href=\"https:\/\/ecoridemoto.com\/index.php\/produit\/trottinette-electrique-leqi-a5\/\" \/>\n<meta property=\"og:locale\" content=\"fr_FR\" \/>\n<meta property=\"og:type\" content=\"article\" \/>\n<meta property=\"og:title\" content=\"Trottinette \u00e9lectrique LEQI A5 - EcoRideMoto\" \/>\n<meta property=\"og:description\" content=\"Fiche technique Performances et Moteur Vitesse maximale :\u00a025 km\/h Puissance moteur :\u00a0350 W Autonomie maximale :\u00a020 km \u00e0 25 km\" \/>\n<meta property=\"og:url\" content=\"https:\/\/ecoridemoto.com\/index.php\/produit\/trottinette-electrique-leqi-a5\/\" \/>\n<meta property=\"og:site_name\" content=\"EcoRideMoto\" \/>\n<meta property=\"article:publisher\" content=\"https:\/\/www.facebook.com\/Ecoridemoto\" \/>\n<meta property=\"article:modified_time\" content=\"2026-05-11T09:12:58+00:00\" \/>\n<meta property=\"og:image\" content=\"https:\/\/ecoridemoto.com\/wp-content\/uploads\/2026\/05\/LEQI-A5.png\" \/>\n\t<meta property=\"og:image:width\" content=\"600\" \/>\n\t<meta property=\"og:image:height\" content=\"600\" \/>\n\t<meta property=\"og:image:type\" content=\"image\/png\" \/>\n<meta name=\"twitter:card\" content=\"summary_large_image\" \/>\n<meta name=\"twitter:label1\" content=\"Dur\u00e9e de lecture estim\u00e9e\" \/>\n\t<meta name=\"twitter:data1\" content=\"1 minute\" \/>\n<script type=\"application\/ld+json\" class=\"yoast-schema-graph\">{\"@context\":\"https:\/\/schema.org\",\"@graph\":[{\"@type\":\"WebPage\",\"@id\":\"https:\/\/ecoridemoto.com\/index.php\/produit\/trottinette-electrique-leqi-a5\/\",\"url\":\"https:\/\/ecoridemoto.com\/index.php\/produit\/trottinette-electrique-leqi-a5\/\",\"name\":\"Trottinette \u00e9lectrique LEQI A5 - EcoRideMoto\",\"isPartOf\":{\"@id\":\"https:\/\/ecoridemoto.com\/#website\"},\"primaryImageOfPage\":{\"@id\":\"https:\/\/ecoridemoto.com\/index.php\/produit\/trottinette-electrique-leqi-a5\/#primaryimage\"},\"image\":{\"@id\":\"https:\/\/ecoridemoto.com\/index.php\/produit\/trottinette-electrique-leqi-a5\/#primaryimage\"},\"thumbnailUrl\":\"https:\/\/ecoridemoto.com\/wp-content\/uploads\/2026\/05\/LEQI-A5.png\",\"datePublished\":\"2026-05-11T09:09:15+00:00\",\"dateModified\":\"2026-05-11T09:12:58+00:00\",\"breadcrumb\":{\"@id\":\"https:\/\/ecoridemoto.com\/index.php\/produit\/trottinette-electrique-leqi-a5\/#breadcrumb\"},\"inLanguage\":\"fr-FR\",\"potentialAction\":[{\"@type\":\"ReadAction\",\"target\":[\"https:\/\/ecoridemoto.com\/index.php\/produit\/trottinette-electrique-leqi-a5\/\"]}]},{\"@type\":\"ImageObject\",\"inLanguage\":\"fr-FR\",\"@id\":\"https:\/\/ecoridemoto.com\/index.php\/produit\/trottinette-electrique-leqi-a5\/#primaryimage\",\"url\":\"https:\/\/ecoridemoto.com\/wp-content\/uploads\/2026\/05\/LEQI-A5.png\",\"contentUrl\":\"https:\/\/ecoridemoto.com\/wp-content\/uploads\/2026\/05\/LEQI-A5.png\",\"width\":600,\"height\":600},{\"@type\":\"BreadcrumbList\",\"@id\":\"https:\/\/ecoridemoto.com\/index.php\/produit\/trottinette-electrique-leqi-a5\/#breadcrumb\",\"itemListElement\":[{\"@type\":\"ListItem\",\"position\":1,\"name\":\"Home\",\"item\":\"https:\/\/ecoridemoto.com\/\"},{\"@type\":\"ListItem\",\"position\":2,\"name\":\"Shop\",\"item\":\"https:\/\/ecoridemoto.com\/index.php\/shop\/\"},{\"@type\":\"ListItem\",\"position\":3,\"name\":\"Trottinette \u00e9lectrique LEQI A5\"}]},{\"@type\":\"WebSite\",\"@id\":\"https:\/\/ecoridemoto.com\/#website\",\"url\":\"https:\/\/ecoridemoto.com\/\",\"name\":\"EcoRideMoto\",\"description\":\"\",\"publisher\":{\"@id\":\"https:\/\/ecoridemoto.com\/#organization\"},\"potentialAction\":[{\"@type\":\"SearchAction\",\"target\":{\"@type\":\"EntryPoint\",\"urlTemplate\":\"https:\/\/ecoridemoto.com\/?s={search_term_string}\"},\"query-input\":\"required name=search_term_string\"}],\"inLanguage\":\"fr-FR\"},{\"@type\":\"Organization\",\"@id\":\"https:\/\/ecoridemoto.com\/#organization\",\"name\":\"EcoRideMoto\",\"url\":\"https:\/\/ecoridemoto.com\/\",\"logo\":{\"@type\":\"ImageObject\",\"inLanguage\":\"fr-FR\",\"@id\":\"https:\/\/ecoridemoto.com\/#\/schema\/logo\/image\/\",\"url\":\"https:\/\/ecoridemoto.com\/wp-content\/uploads\/2024\/07\/1.png\",\"contentUrl\":\"https:\/\/ecoridemoto.com\/wp-content\/uploads\/2024\/07\/1.png\",\"width\":1080,\"height\":291,\"caption\":\"EcoRideMoto\"},\"image\":{\"@id\":\"https:\/\/ecoridemoto.com\/#\/schema\/logo\/image\/\"},\"sameAs\":[\"https:\/\/www.facebook.com\/Ecoridemoto\",\"https:\/\/www.instagram.com\/ecoridemoto\/\"]}]}<\/script>\n<!-- \/ Yoast SEO plugin. -->","yoast_head_json":{"title":"Trottinette \u00e9lectrique LEQI A5 - EcoRideMoto","robots":{"index":"index","follow":"follow","max-snippet":"max-snippet:-1","max-image-preview":"max-image-preview:large","max-video-preview":"max-video-preview:-1"},"canonical":"https:\/\/ecoridemoto.com\/index.php\/produit\/trottinette-electrique-leqi-a5\/","og_locale":"fr_FR","og_type":"article","og_title":"Trottinette \u00e9lectrique LEQI A5 - EcoRideMoto","og_description":"Fiche technique Performances et Moteur Vitesse maximale :\u00a025 km\/h Puissance moteur :\u00a0350 W Autonomie maximale :\u00a020 km \u00e0 25 km","og_url":"https:\/\/ecoridemoto.com\/index.php\/produit\/trottinette-electrique-leqi-a5\/","og_site_name":"EcoRideMoto","article_publisher":"https:\/\/www.facebook.com\/Ecoridemoto","article_modified_time":"2026-05-11T09:12:58+00:00","og_image":[{"width":600,"height":600,"url":"https:\/\/ecoridemoto.com\/wp-content\/uploads\/2026\/05\/LEQI-A5.png","type":"image\/png"}],"twitter_card":"summary_large_image","twitter_misc":{"Dur\u00e9e de lecture estim\u00e9e":"1 minute"},"schema":{"@context":"https:\/\/schema.org","@graph":[{"@type":"WebPage","@id":"https:\/\/ecoridemoto.com\/index.php\/produit\/trottinette-electrique-leqi-a5\/","url":"https:\/\/ecoridemoto.com\/index.php\/produit\/trottinette-electrique-leqi-a5\/","name":"Trottinette \u00e9lectrique LEQI A5 - EcoRideMoto","isPartOf":{"@id":"https:\/\/ecoridemoto.com\/#website"},"primaryImageOfPage":{"@id":"https:\/\/ecoridemoto.com\/index.php\/produit\/trottinette-electrique-leqi-a5\/#primaryimage"},"image":{"@id":"https:\/\/ecoridemoto.com\/index.php\/produit\/trottinette-electrique-leqi-a5\/#primaryimage"},"thumbnailUrl":"https:\/\/ecoridemoto.com\/wp-content\/uploads\/2026\/05\/LEQI-A5.png","datePublished":"2026-05-11T09:09:15+00:00","dateModified":"2026-05-11T09:12:58+00:00","breadcrumb":{"@id":"https:\/\/ecoridemoto.com\/index.php\/produit\/trottinette-electrique-leqi-a5\/#breadcrumb"},"inLanguage":"fr-FR","potentialAction":[{"@type":"ReadAction","target":["https:\/\/ecoridemoto.com\/index.php\/produit\/trottinette-electrique-leqi-a5\/"]}]},{"@type":"ImageObject","inLanguage":"fr-FR","@id":"https:\/\/ecoridemoto.com\/index.php\/produit\/trottinette-electrique-leqi-a5\/#primaryimage","url":"https:\/\/ecoridemoto.com\/wp-content\/uploads\/2026\/05\/LEQI-A5.png","contentUrl":"https:\/\/ecoridemoto.com\/wp-content\/uploads\/2026\/05\/LEQI-A5.png","width":600,"height":600},{"@type":"BreadcrumbList","@id":"https:\/\/ecoridemoto.com\/index.php\/produit\/trottinette-electrique-leqi-a5\/#breadcrumb","itemListElement":[{"@type":"ListItem","position":1,"name":"Home","item":"https:\/\/ecoridemoto.com\/"},{"@type":"ListItem","position":2,"name":"Shop","item":"https:\/\/ecoridemoto.com\/index.php\/shop\/"},{"@type":"ListItem","position":3,"name":"Trottinette \u00e9lectrique LEQI A5"}]},{"@type":"WebSite","@id":"https:\/\/ecoridemoto.com\/#website","url":"https:\/\/ecoridemoto.com\/","name":"EcoRideMoto","description":"","publisher":{"@id":"https:\/\/ecoridemoto.com\/#organization"},"potentialAction":[{"@type":"SearchAction","target":{"@type":"EntryPoint","urlTemplate":"https:\/\/ecoridemoto.com\/?s={search_term_string}"},"query-input":"required name=search_term_string"}],"inLanguage":"fr-FR"},{"@type":"Organization","@id":"https:\/\/ecoridemoto.com\/#organization","name":"EcoRideMoto","url":"https:\/\/ecoridemoto.com\/","logo":{"@type":"ImageObject","inLanguage":"fr-FR","@id":"https:\/\/ecoridemoto.com\/#\/schema\/logo\/image\/","url":"https:\/\/ecoridemoto.com\/wp-content\/uploads\/2024\/07\/1.png","contentUrl":"https:\/\/ecoridemoto.com\/wp-content\/uploads\/2024\/07\/1.png","width":1080,"height":291,"caption":"EcoRideMoto"},"image":{"@id":"https:\/\/ecoridemoto.com\/#\/schema\/logo\/image\/"},"sameAs":["https:\/\/www.facebook.com\/Ecoridemoto","https:\/\/www.instagram.com\/ecoridemoto\/"]}]}},"_links":{"self":[{"href":"https:\/\/ecoridemoto.com\/index.php\/wp-json\/wp\/v2\/product\/25971","targetHints":{"allow":["GET"]}}],"collection":[{"href":"https:\/\/ecoridemoto.com\/index.php\/wp-json\/wp\/v2\/product"}],"about":[{"href":"https:\/\/ecoridemoto.com\/index.php\/wp-json\/wp\/v2\/types\/product"}],"replies":[{"embeddable":true,"href":"https:\/\/ecoridemoto.com\/index.php\/wp-json\/wp\/v2\/comments?post=25971"}],"version-history":[{"count":1,"href":"https:\/\/ecoridemoto.com\/index.php\/wp-json\/wp\/v2\/product\/25971\/revisions"}],"predecessor-version":[{"id":25973,"href":"https:\/\/ecoridemoto.com\/index.php\/wp-json\/wp\/v2\/product\/25971\/revisions\/25973"}],"wp:featuredmedia":[{"embeddable":true,"href":"https:\/\/ecoridemoto.com\/index.php\/wp-json\/wp\/v2\/media\/25972"}],"wp:attachment":[{"href":"https:\/\/ecoridemoto.com\/index.php\/wp-json\/wp\/v2\/media?parent=25971"}],"wp:term":[{"taxonomy":"product_cat","embeddable":true,"href":"https:\/\/ecoridemoto.com\/index.php\/wp-json\/wp\/v2\/product_cat?post=25971"},{"taxonomy":"product_tag","embeddable":true,"href":"https:\/\/ecoridemoto.com\/index.php\/wp-json\/wp\/v2\/product_tag?post=25971"}],"curies":[{"name":"wp","href":"https:\/\/api.w.org\/{rel}","templated":true}]}}