{"id":25974,"date":"2026-05-11T11:13:25","date_gmt":"2026-05-11T09:13:25","guid":{"rendered":"https:\/\/ecoridemoto.com\/?post_type=product&#038;p=25974"},"modified":"2026-05-11T11:15:49","modified_gmt":"2026-05-11T09:15:49","slug":"trottinette-electrique-leqi-a6-pro","status":"publish","type":"product","link":"https:\/\/ecoridemoto.com\/index.php\/produit\/trottinette-electrique-leqi-a6-pro\/","title":{"rendered":"Trottinette \u00e9lectrique LEQI A6 Pro"},"content":{"rendered":"<dl class=\"data-sheet flex_container\">\n<dt class=\"name\">\n<dl class=\"data-sheet flex_container\">\n<dt class=\"name\">\n<dl class=\"data-sheet flex_container\">\n<dt class=\"name\">\n<h3 class=\"page_heading\">Fiche technique<\/h3>\n<dl class=\"data-sheet flex_container\">\n<dt class=\"name\">\n<dl class=\"data-sheet flex_container\">\n<dt class=\"name\">\n<dl class=\"data-sheet flex_container\">\n<dt class=\"name\">\n<dl class=\"data-sheet flex_container\">\n<dt class=\"name\">\n<dl class=\"data-sheet flex_container\">\n<dt class=\"name\">\n<table data-path-to-node=\"2\">\n<thead>\n<tr>\n<td><strong>Caract\u00e9ristique<\/strong><\/td>\n<td><strong>D\u00e9tails<\/strong><\/td>\n<\/tr>\n<\/thead>\n<tbody>\n<tr>\n<td><span data-path-to-node=\"2,1,0,0\"><b data-path-to-node=\"2,1,0,0\" data-index-in-node=\"0\">Vitesse Maximale<\/b><\/span><\/td>\n<td><span data-path-to-node=\"2,1,1,0\">25 km\/h<\/span><\/td>\n<\/tr>\n<tr>\n<td><span data-path-to-node=\"2,2,0,0\"><b data-path-to-node=\"2,2,0,0\" data-index-in-node=\"0\">Autonomie Max<\/b><\/span><\/td>\n<td><span data-path-to-node=\"2,2,1,0\">15 km \u2013 30 km<\/span><\/td>\n<\/tr>\n<tr>\n<td><span data-path-to-node=\"2,3,0,0\"><b data-path-to-node=\"2,3,0,0\" data-index-in-node=\"0\">Puissance Moteur<\/b><\/span><\/td>\n<td><span data-path-to-node=\"2,3,1,0\">350 W<\/span><\/td>\n<\/tr>\n<tr>\n<td><span data-path-to-node=\"2,4,0,0\"><b data-path-to-node=\"2,4,0,0\" data-index-in-node=\"0\">Batterie Lithium<\/b><\/span><\/td>\n<td><span data-path-to-node=\"2,4,1,0\">36V 7,8Ah<\/span><\/td>\n<\/tr>\n<tr>\n<td><span data-path-to-node=\"2,5,0,0\"><b data-path-to-node=\"2,5,0,0\" data-index-in-node=\"0\">Taille des Pneus<\/b><\/span><\/td>\n<td><span data-path-to-node=\"2,5,1,0\">10 pouces<\/span><\/td>\n<\/tr>\n<tr>\n<td><span data-path-to-node=\"2,6,0,0\"><b data-path-to-node=\"2,6,0,0\" data-index-in-node=\"0\">Application Mobile<\/b><\/span><\/td>\n<td><span data-path-to-node=\"2,6,1,0\">Oui (compatible avec verrouillage \u00e0 distance)<\/span><\/td>\n<\/tr>\n<tr>\n<td><span data-path-to-node=\"2,7,0,0\"><b data-path-to-node=\"2,7,0,0\" data-index-in-node=\"0\">Temps de Charge<\/b><\/span><\/td>\n<td><span data-path-to-node=\"2,7,1,0\">4 heures<\/span><\/td>\n<\/tr>\n<tr>\n<td><span data-path-to-node=\"2,8,0,0\"><b data-path-to-node=\"2,8,0,0\" data-index-in-node=\"0\">Affichage (Display)<\/b><\/span><\/td>\n<td><span data-path-to-node=\"2,8,1,0\">LCD<\/span><\/td>\n<\/tr>\n<\/tbody>\n<\/table>\n<\/dt>\n<\/dl>\n<\/dt>\n<\/dl>\n<\/dt>\n<\/dl>\n<\/dt>\n<\/dl>\n<\/dt>\n<\/dl>\n<dl class=\"data-sheet flex_container\"><\/dl>\n<\/dt>\n<\/dl>\n<\/dt>\n<\/dl>\n<\/dt>\n<\/dl>\n","protected":false},"excerpt":{"rendered":"<p>Fiche technique Caract\u00e9ristique D\u00e9tails Vitesse Maximale 25 km\/h Autonomie Max 15 km \u2013 30 km Puissance Moteur 350 W Batterie<\/p>\n","protected":false},"featured_media":25975,"comment_status":"open","ping_status":"closed","template":"","meta":{"order-bump-settings":[],"_wpfnl_thankyou_order_overview":"on","_wpfnl_thankyou_order_details":"on","_wpfnl_thankyou_billing_details":"on","_wpfnl_thankyou_shipping_details":"on"},"product_cat":[270],"product_tag":[],"class_list":{"0":"post-25974","1":"product","2":"type-product","3":"status-publish","4":"has-post-thumbnail","6":"product_cat-trottinette-electrique","8":"first","9":"instock","10":"sale","11":"shipping-taxable","12":"purchasable","13":"product-type-simple"},"yoast_head":"<!-- This site is optimized with the Yoast SEO plugin v23.0 - https:\/\/yoast.com\/wordpress\/plugins\/seo\/ -->\n<title>Trottinette \u00e9lectrique LEQI A6 Pro - EcoRideMoto<\/title>\n<meta name=\"robots\" content=\"index, follow, max-snippet:-1, max-image-preview:large, max-video-preview:-1\" \/>\n<link rel=\"canonical\" href=\"https:\/\/ecoridemoto.com\/index.php\/produit\/trottinette-electrique-leqi-a6-pro\/\" \/>\n<meta property=\"og:locale\" content=\"fr_FR\" \/>\n<meta property=\"og:type\" content=\"article\" \/>\n<meta property=\"og:title\" content=\"Trottinette \u00e9lectrique LEQI A6 Pro - EcoRideMoto\" \/>\n<meta property=\"og:description\" content=\"Fiche technique Caract\u00e9ristique D\u00e9tails Vitesse Maximale 25 km\/h Autonomie Max 15 km \u2013 30 km Puissance Moteur 350 W Batterie\" \/>\n<meta property=\"og:url\" content=\"https:\/\/ecoridemoto.com\/index.php\/produit\/trottinette-electrique-leqi-a6-pro\/\" \/>\n<meta property=\"og:site_name\" content=\"EcoRideMoto\" \/>\n<meta property=\"article:publisher\" content=\"https:\/\/www.facebook.com\/Ecoridemoto\" \/>\n<meta property=\"article:modified_time\" content=\"2026-05-11T09:15:49+00:00\" \/>\n<meta property=\"og:image\" content=\"https:\/\/ecoridemoto.com\/wp-content\/uploads\/2026\/05\/LEQI-A6-Pro.png\" \/>\n\t<meta property=\"og:image:width\" content=\"2048\" \/>\n\t<meta property=\"og:image:height\" content=\"2048\" \/>\n\t<meta property=\"og:image:type\" content=\"image\/png\" \/>\n<meta name=\"twitter:card\" content=\"summary_large_image\" \/>\n<meta name=\"twitter:label1\" content=\"Dur\u00e9e de lecture estim\u00e9e\" \/>\n\t<meta name=\"twitter:data1\" content=\"1 minute\" \/>\n<script type=\"application\/ld+json\" class=\"yoast-schema-graph\">{\"@context\":\"https:\/\/schema.org\",\"@graph\":[{\"@type\":\"WebPage\",\"@id\":\"https:\/\/ecoridemoto.com\/index.php\/produit\/trottinette-electrique-leqi-a6-pro\/\",\"url\":\"https:\/\/ecoridemoto.com\/index.php\/produit\/trottinette-electrique-leqi-a6-pro\/\",\"name\":\"Trottinette \u00e9lectrique LEQI A6 Pro - EcoRideMoto\",\"isPartOf\":{\"@id\":\"https:\/\/ecoridemoto.com\/#website\"},\"primaryImageOfPage\":{\"@id\":\"https:\/\/ecoridemoto.com\/index.php\/produit\/trottinette-electrique-leqi-a6-pro\/#primaryimage\"},\"image\":{\"@id\":\"https:\/\/ecoridemoto.com\/index.php\/produit\/trottinette-electrique-leqi-a6-pro\/#primaryimage\"},\"thumbnailUrl\":\"https:\/\/ecoridemoto.com\/wp-content\/uploads\/2026\/05\/LEQI-A6-Pro.png\",\"datePublished\":\"2026-05-11T09:13:25+00:00\",\"dateModified\":\"2026-05-11T09:15:49+00:00\",\"breadcrumb\":{\"@id\":\"https:\/\/ecoridemoto.com\/index.php\/produit\/trottinette-electrique-leqi-a6-pro\/#breadcrumb\"},\"inLanguage\":\"fr-FR\",\"potentialAction\":[{\"@type\":\"ReadAction\",\"target\":[\"https:\/\/ecoridemoto.com\/index.php\/produit\/trottinette-electrique-leqi-a6-pro\/\"]}]},{\"@type\":\"ImageObject\",\"inLanguage\":\"fr-FR\",\"@id\":\"https:\/\/ecoridemoto.com\/index.php\/produit\/trottinette-electrique-leqi-a6-pro\/#primaryimage\",\"url\":\"https:\/\/ecoridemoto.com\/wp-content\/uploads\/2026\/05\/LEQI-A6-Pro.png\",\"contentUrl\":\"https:\/\/ecoridemoto.com\/wp-content\/uploads\/2026\/05\/LEQI-A6-Pro.png\",\"width\":2048,\"height\":2048},{\"@type\":\"BreadcrumbList\",\"@id\":\"https:\/\/ecoridemoto.com\/index.php\/produit\/trottinette-electrique-leqi-a6-pro\/#breadcrumb\",\"itemListElement\":[{\"@type\":\"ListItem\",\"position\":1,\"name\":\"Home\",\"item\":\"https:\/\/ecoridemoto.com\/\"},{\"@type\":\"ListItem\",\"position\":2,\"name\":\"Shop\",\"item\":\"https:\/\/ecoridemoto.com\/index.php\/shop\/\"},{\"@type\":\"ListItem\",\"position\":3,\"name\":\"Trottinette \u00e9lectrique LEQI A6 Pro\"}]},{\"@type\":\"WebSite\",\"@id\":\"https:\/\/ecoridemoto.com\/#website\",\"url\":\"https:\/\/ecoridemoto.com\/\",\"name\":\"EcoRideMoto\",\"description\":\"\",\"publisher\":{\"@id\":\"https:\/\/ecoridemoto.com\/#organization\"},\"potentialAction\":[{\"@type\":\"SearchAction\",\"target\":{\"@type\":\"EntryPoint\",\"urlTemplate\":\"https:\/\/ecoridemoto.com\/?s={search_term_string}\"},\"query-input\":\"required name=search_term_string\"}],\"inLanguage\":\"fr-FR\"},{\"@type\":\"Organization\",\"@id\":\"https:\/\/ecoridemoto.com\/#organization\",\"name\":\"EcoRideMoto\",\"url\":\"https:\/\/ecoridemoto.com\/\",\"logo\":{\"@type\":\"ImageObject\",\"inLanguage\":\"fr-FR\",\"@id\":\"https:\/\/ecoridemoto.com\/#\/schema\/logo\/image\/\",\"url\":\"https:\/\/ecoridemoto.com\/wp-content\/uploads\/2024\/07\/1.png\",\"contentUrl\":\"https:\/\/ecoridemoto.com\/wp-content\/uploads\/2024\/07\/1.png\",\"width\":1080,\"height\":291,\"caption\":\"EcoRideMoto\"},\"image\":{\"@id\":\"https:\/\/ecoridemoto.com\/#\/schema\/logo\/image\/\"},\"sameAs\":[\"https:\/\/www.facebook.com\/Ecoridemoto\",\"https:\/\/www.instagram.com\/ecoridemoto\/\"]}]}<\/script>\n<!-- \/ Yoast SEO plugin. -->","yoast_head_json":{"title":"Trottinette \u00e9lectrique LEQI A6 Pro - EcoRideMoto","robots":{"index":"index","follow":"follow","max-snippet":"max-snippet:-1","max-image-preview":"max-image-preview:large","max-video-preview":"max-video-preview:-1"},"canonical":"https:\/\/ecoridemoto.com\/index.php\/produit\/trottinette-electrique-leqi-a6-pro\/","og_locale":"fr_FR","og_type":"article","og_title":"Trottinette \u00e9lectrique LEQI A6 Pro - EcoRideMoto","og_description":"Fiche technique Caract\u00e9ristique D\u00e9tails Vitesse Maximale 25 km\/h Autonomie Max 15 km \u2013 30 km Puissance Moteur 350 W Batterie","og_url":"https:\/\/ecoridemoto.com\/index.php\/produit\/trottinette-electrique-leqi-a6-pro\/","og_site_name":"EcoRideMoto","article_publisher":"https:\/\/www.facebook.com\/Ecoridemoto","article_modified_time":"2026-05-11T09:15:49+00:00","og_image":[{"width":2048,"height":2048,"url":"https:\/\/ecoridemoto.com\/wp-content\/uploads\/2026\/05\/LEQI-A6-Pro.png","type":"image\/png"}],"twitter_card":"summary_large_image","twitter_misc":{"Dur\u00e9e de lecture estim\u00e9e":"1 minute"},"schema":{"@context":"https:\/\/schema.org","@graph":[{"@type":"WebPage","@id":"https:\/\/ecoridemoto.com\/index.php\/produit\/trottinette-electrique-leqi-a6-pro\/","url":"https:\/\/ecoridemoto.com\/index.php\/produit\/trottinette-electrique-leqi-a6-pro\/","name":"Trottinette \u00e9lectrique LEQI A6 Pro - EcoRideMoto","isPartOf":{"@id":"https:\/\/ecoridemoto.com\/#website"},"primaryImageOfPage":{"@id":"https:\/\/ecoridemoto.com\/index.php\/produit\/trottinette-electrique-leqi-a6-pro\/#primaryimage"},"image":{"@id":"https:\/\/ecoridemoto.com\/index.php\/produit\/trottinette-electrique-leqi-a6-pro\/#primaryimage"},"thumbnailUrl":"https:\/\/ecoridemoto.com\/wp-content\/uploads\/2026\/05\/LEQI-A6-Pro.png","datePublished":"2026-05-11T09:13:25+00:00","dateModified":"2026-05-11T09:15:49+00:00","breadcrumb":{"@id":"https:\/\/ecoridemoto.com\/index.php\/produit\/trottinette-electrique-leqi-a6-pro\/#breadcrumb"},"inLanguage":"fr-FR","potentialAction":[{"@type":"ReadAction","target":["https:\/\/ecoridemoto.com\/index.php\/produit\/trottinette-electrique-leqi-a6-pro\/"]}]},{"@type":"ImageObject","inLanguage":"fr-FR","@id":"https:\/\/ecoridemoto.com\/index.php\/produit\/trottinette-electrique-leqi-a6-pro\/#primaryimage","url":"https:\/\/ecoridemoto.com\/wp-content\/uploads\/2026\/05\/LEQI-A6-Pro.png","contentUrl":"https:\/\/ecoridemoto.com\/wp-content\/uploads\/2026\/05\/LEQI-A6-Pro.png","width":2048,"height":2048},{"@type":"BreadcrumbList","@id":"https:\/\/ecoridemoto.com\/index.php\/produit\/trottinette-electrique-leqi-a6-pro\/#breadcrumb","itemListElement":[{"@type":"ListItem","position":1,"name":"Home","item":"https:\/\/ecoridemoto.com\/"},{"@type":"ListItem","position":2,"name":"Shop","item":"https:\/\/ecoridemoto.com\/index.php\/shop\/"},{"@type":"ListItem","position":3,"name":"Trottinette \u00e9lectrique LEQI A6 Pro"}]},{"@type":"WebSite","@id":"https:\/\/ecoridemoto.com\/#website","url":"https:\/\/ecoridemoto.com\/","name":"EcoRideMoto","description":"","publisher":{"@id":"https:\/\/ecoridemoto.com\/#organization"},"potentialAction":[{"@type":"SearchAction","target":{"@type":"EntryPoint","urlTemplate":"https:\/\/ecoridemoto.com\/?s={search_term_string}"},"query-input":"required name=search_term_string"}],"inLanguage":"fr-FR"},{"@type":"Organization","@id":"https:\/\/ecoridemoto.com\/#organization","name":"EcoRideMoto","url":"https:\/\/ecoridemoto.com\/","logo":{"@type":"ImageObject","inLanguage":"fr-FR","@id":"https:\/\/ecoridemoto.com\/#\/schema\/logo\/image\/","url":"https:\/\/ecoridemoto.com\/wp-content\/uploads\/2024\/07\/1.png","contentUrl":"https:\/\/ecoridemoto.com\/wp-content\/uploads\/2024\/07\/1.png","width":1080,"height":291,"caption":"EcoRideMoto"},"image":{"@id":"https:\/\/ecoridemoto.com\/#\/schema\/logo\/image\/"},"sameAs":["https:\/\/www.facebook.com\/Ecoridemoto","https:\/\/www.instagram.com\/ecoridemoto\/"]}]}},"_links":{"self":[{"href":"https:\/\/ecoridemoto.com\/index.php\/wp-json\/wp\/v2\/product\/25974","targetHints":{"allow":["GET"]}}],"collection":[{"href":"https:\/\/ecoridemoto.com\/index.php\/wp-json\/wp\/v2\/product"}],"about":[{"href":"https:\/\/ecoridemoto.com\/index.php\/wp-json\/wp\/v2\/types\/product"}],"replies":[{"embeddable":true,"href":"https:\/\/ecoridemoto.com\/index.php\/wp-json\/wp\/v2\/comments?post=25974"}],"version-history":[{"count":1,"href":"https:\/\/ecoridemoto.com\/index.php\/wp-json\/wp\/v2\/product\/25974\/revisions"}],"predecessor-version":[{"id":25976,"href":"https:\/\/ecoridemoto.com\/index.php\/wp-json\/wp\/v2\/product\/25974\/revisions\/25976"}],"wp:featuredmedia":[{"embeddable":true,"href":"https:\/\/ecoridemoto.com\/index.php\/wp-json\/wp\/v2\/media\/25975"}],"wp:attachment":[{"href":"https:\/\/ecoridemoto.com\/index.php\/wp-json\/wp\/v2\/media?parent=25974"}],"wp:term":[{"taxonomy":"product_cat","embeddable":true,"href":"https:\/\/ecoridemoto.com\/index.php\/wp-json\/wp\/v2\/product_cat?post=25974"},{"taxonomy":"product_tag","embeddable":true,"href":"https:\/\/ecoridemoto.com\/index.php\/wp-json\/wp\/v2\/product_tag?post=25974"}],"curies":[{"name":"wp","href":"https:\/\/api.w.org\/{rel}","templated":true}]}}